{"id":10732,"date":"2020-12-17T13:22:24","date_gmt":"2020-12-17T11:22:24","guid":{"rendered":"https:\/\/www.casadelfino.com\/home-2\/"},"modified":"2025-02-24T14:08:21","modified_gmt":"2025-02-24T12:08:21","slug":"home-2","status":"publish","type":"page","link":"https:\/\/www.casadelfino.com\/fr\/","title":{"rendered":"Accueil"},"content":{"rendered":"<p>Casa Delfino appartient \u00e0 la m\u00eame famille depuis six g\u00e9n\u00e9rations. L&rsquo;hospitalit\u00e9 et le charme authentique sont une part importante de notre patrimoine. Rendant hommage \u00e0 l&rsquo;histoire du b\u00e2timent, tous les espaces ont \u00e9t\u00e9 m\u00e9ticuleusement restaur\u00e9s pour retrouver leur splendeur d&rsquo;origine.<\/p>\n","protected":false},"excerpt":{"rendered":"<p>Casa Delfino appartient \u00e0 la m\u00eame famille depuis six g\u00e9n\u00e9rations. L&rsquo;hospitalit\u00e9 et le charme authentique sont une part importante de notre patrimoine. Rendant hommage \u00e0 l&rsquo;histoire du b\u00e2timent, tous les espaces ont \u00e9t\u00e9 m\u00e9ticuleusement restaur\u00e9s pour retrouver leur splendeur d&rsquo;origine.<\/p>\n","protected":false},"author":1,"featured_media":0,"parent":0,"menu_order":0,"comment_status":"closed","ping_status":"closed","template":"kobo\/home.php","meta":{"_acf_changed":false,"footnotes":""},"class_list":["post-10732","page","type-page","status-publish","hentry","entry","no-media"],"acf":[],"aioseo_notices":[],"_links":{"self":[{"href":"https:\/\/www.casadelfino.com\/fr\/wp-json\/wp\/v2\/pages\/10732","targetHints":{"allow":["GET"]}}],"collection":[{"href":"https:\/\/www.casadelfino.com\/fr\/wp-json\/wp\/v2\/pages"}],"about":[{"href":"https:\/\/www.casadelfino.com\/fr\/wp-json\/wp\/v2\/types\/page"}],"author":[{"embeddable":true,"href":"https:\/\/www.casadelfino.com\/fr\/wp-json\/wp\/v2\/users\/1"}],"replies":[{"embeddable":true,"href":"https:\/\/www.casadelfino.com\/fr\/wp-json\/wp\/v2\/comments?post=10732"}],"version-history":[{"count":3,"href":"https:\/\/www.casadelfino.com\/fr\/wp-json\/wp\/v2\/pages\/10732\/revisions"}],"predecessor-version":[{"id":12128,"href":"https:\/\/www.casadelfino.com\/fr\/wp-json\/wp\/v2\/pages\/10732\/revisions\/12128"}],"wp:attachment":[{"href":"https:\/\/www.casadelfino.com\/fr\/wp-json\/wp\/v2\/media?parent=10732"}],"curies":[{"name":"wp","href":"https:\/\/api.w.org\/{rel}","templated":true}]}}