{"id":10720,"date":"2023-06-29T19:34:39","date_gmt":"2023-06-29T17:34:39","guid":{"rendered":"https:\/\/www.casadelfino.com\/about\/"},"modified":"2025-02-21T11:26:01","modified_gmt":"2025-02-21T09:26:01","slug":"about","status":"publish","type":"page","link":"https:\/\/www.casadelfino.com\/fr\/about\/","title":{"rendered":"Notre Historie"},"content":{"rendered":"<p>Soyez t\u00e9moin du d\u00e9roulement de l&rsquo;histoire des six g\u00e9n\u00e9rations du Casa Delfino Boutique Hotel et<br \/>\napprenez-en plus sur le patrimoine riche et color\u00e9 d&rsquo;un monument intemporel.<\/p>\n","protected":false},"excerpt":{"rendered":"<p>Soyez t\u00e9moin du d\u00e9roulement de l&rsquo;histoire des six g\u00e9n\u00e9rations du Casa Delfino Boutique Hotel et apprenez-en plus sur le patrimoine riche et color\u00e9 d&rsquo;un monument intemporel.<\/p>\n","protected":false},"author":1,"featured_media":0,"parent":0,"menu_order":0,"comment_status":"closed","ping_status":"closed","template":"kobo\/about.php","meta":{"_acf_changed":false,"footnotes":""},"class_list":["post-10720","page","type-page","status-publish","hentry","entry","no-media"],"acf":[],"aioseo_notices":[],"_links":{"self":[{"href":"https:\/\/www.casadelfino.com\/fr\/wp-json\/wp\/v2\/pages\/10720","targetHints":{"allow":["GET"]}}],"collection":[{"href":"https:\/\/www.casadelfino.com\/fr\/wp-json\/wp\/v2\/pages"}],"about":[{"href":"https:\/\/www.casadelfino.com\/fr\/wp-json\/wp\/v2\/types\/page"}],"author":[{"embeddable":true,"href":"https:\/\/www.casadelfino.com\/fr\/wp-json\/wp\/v2\/users\/1"}],"replies":[{"embeddable":true,"href":"https:\/\/www.casadelfino.com\/fr\/wp-json\/wp\/v2\/comments?post=10720"}],"version-history":[{"count":3,"href":"https:\/\/www.casadelfino.com\/fr\/wp-json\/wp\/v2\/pages\/10720\/revisions"}],"predecessor-version":[{"id":11436,"href":"https:\/\/www.casadelfino.com\/fr\/wp-json\/wp\/v2\/pages\/10720\/revisions\/11436"}],"wp:attachment":[{"href":"https:\/\/www.casadelfino.com\/fr\/wp-json\/wp\/v2\/media?parent=10720"}],"curies":[{"name":"wp","href":"https:\/\/api.w.org\/{rel}","templated":true}]}}