{"id":10718,"date":"2023-07-17T08:44:02","date_gmt":"2023-07-17T06:44:02","guid":{"rendered":"https:\/\/www.casadelfino.com\/accommodation\/"},"modified":"2025-02-21T10:47:58","modified_gmt":"2025-02-21T08:47:58","slug":"accommodation","status":"publish","type":"page","link":"https:\/\/www.casadelfino.com\/fr\/accommodation\/","title":{"rendered":"H\u00e9bergement"},"content":{"rendered":"<p>Une fusion parfaite entre tradition et modernit\u00e9. Une combinaison s\u00e9duisante de sophistication et de simplicit\u00e9, en harmonie avec son aspect \u00e0 la fois contemporain et son pass\u00e9 prestigieux.<br \/>\nChacune des chambres, des suites et des appartements design a \u00e9t\u00e9 con\u00e7u individuellement pour r\u00e9pondre \u00e0 un large \u00e9ventail de go\u00fbts et d\u2019exigences. Bien qu\u2019il n\u2019y ait pas deux chambres semblables, elles partagent le sentiment de confort in\u00e9gal\u00e9 et une tranquillit\u00e9 exceptionnelle.<\/p>\n<p>Les chambres sont chaleureuses et accueillantes, avec des d\u00e9tails bien pens\u00e9s, de m\u00eame que les salles de bains en marbre tout aussi impressionnantes. Notre ancien monde d\u2019\u00e9l\u00e9gance est compl\u00e9t\u00e9 par la mise \u00e0 disposition discr\u00e8te des derni\u00e8res technologies, soigneusement int\u00e9gr\u00e9es dans chaque chambre, et offrant notamment \u00e0 nos h\u00f4tes une t\u00e9l\u00e9vision \u00e0 \u00e9cran plat de haute d\u00e9finition, ainsi que l\u2019acc\u00e8s \u00e0 internet \u00e0 haut d\u00e9bit par WiFi. Chaque chambre et chaque suite vous offrent tous les conforts que vous attendez : des peignoirs aux sorties de bains, de m\u00eame que des articles de toilette organiques naturels, un coffre-fort et la climatisation.<\/p>\n","protected":false},"excerpt":{"rendered":"<p>Une fusion parfaite entre tradition et modernit\u00e9. Une combinaison s\u00e9duisante de sophistication et de simplicit\u00e9, en harmonie avec son aspect \u00e0 la fois contemporain et son pass\u00e9 prestigieux. Chacune des chambres, des suites et des appartements design a \u00e9t\u00e9 con\u00e7u&hellip;<\/p>\n","protected":false},"author":1,"featured_media":0,"parent":0,"menu_order":0,"comment_status":"closed","ping_status":"closed","template":"kobo\/rooms.php","meta":{"_acf_changed":false,"footnotes":""},"class_list":["post-10718","page","type-page","status-publish","hentry","entry","no-media"],"acf":[],"aioseo_notices":[],"_links":{"self":[{"href":"https:\/\/www.casadelfino.com\/fr\/wp-json\/wp\/v2\/pages\/10718","targetHints":{"allow":["GET"]}}],"collection":[{"href":"https:\/\/www.casadelfino.com\/fr\/wp-json\/wp\/v2\/pages"}],"about":[{"href":"https:\/\/www.casadelfino.com\/fr\/wp-json\/wp\/v2\/types\/page"}],"author":[{"embeddable":true,"href":"https:\/\/www.casadelfino.com\/fr\/wp-json\/wp\/v2\/users\/1"}],"replies":[{"embeddable":true,"href":"https:\/\/www.casadelfino.com\/fr\/wp-json\/wp\/v2\/comments?post=10718"}],"version-history":[{"count":2,"href":"https:\/\/www.casadelfino.com\/fr\/wp-json\/wp\/v2\/pages\/10718\/revisions"}],"predecessor-version":[{"id":11283,"href":"https:\/\/www.casadelfino.com\/fr\/wp-json\/wp\/v2\/pages\/10718\/revisions\/11283"}],"wp:attachment":[{"href":"https:\/\/www.casadelfino.com\/fr\/wp-json\/wp\/v2\/media?parent=10718"}],"curies":[{"name":"wp","href":"https:\/\/api.w.org\/{rel}","templated":true}]}}