{"id":10712,"date":"2023-07-17T12:01:28","date_gmt":"2023-07-17T10:01:28","guid":{"rendered":"https:\/\/www.casadelfino.com\/location\/"},"modified":"2025-02-21T11:28:19","modified_gmt":"2025-02-21T09:28:19","slug":"location","status":"publish","type":"page","link":"https:\/\/www.casadelfino.com\/fr\/location\/","title":{"rendered":"Emplacement"},"content":{"rendered":"<p>La vieille ville de La Can\u00e9e est un endroit fascinant, quelle que soit la saison que vous choisissez de visiter. Regarder le soleil se lever et se coucher sur le magnifique port v\u00e9nitien peut \u00eatre aussi diff\u00e9rent en \u00e9t\u00e9 qu&rsquo;en hiver, presque comme se trouver dans un endroit diff\u00e9rent \u00e0 chaque visite.<\/p>\n<p>Apr\u00e8s quatre si\u00e8cles de domination v\u00e9nitienne et de longs si\u00e8ges, une grande vari\u00e9t\u00e9 de styles architecturaux subsiste, refl\u00e9tant la forte influence culturelle des civilisations v\u00e9nitienne et ottomane sans perdre ses caract\u00e9ristiques distinctives.<\/p>\n<p>Des ruines en ruine aux ruelles peintes de couleurs vives, partout o\u00f9 vous explorerez, vous d\u00e9couvrirez un melting-pot de cultures.<\/p>\n<p>Le port v\u00e9nitien est la principale promenade maritime de la ville. En passant devant de vieux b\u00e2timents qui ont d&rsquo;innombrables histoires \u00e0 raconter, et \u00e0 travers les caf\u00e9s, boutiques et restaurants color\u00e9s, vous aurez l&rsquo;impression d&rsquo;\u00eatre entr\u00e9 dans le d\u00e9cor d&rsquo;un film d&rsquo;\u00e9poque classique de tous les temps.<\/p>\n<p>La Casa Delfino est situ\u00e9e au c\u0153ur de la vieille ville.<\/p>\n","protected":false},"excerpt":{"rendered":"<p>La vieille ville de La Can\u00e9e est un endroit fascinant, quelle que soit la saison que vous choisissez de visiter. Regarder le soleil se lever et se coucher sur le magnifique port v\u00e9nitien peut \u00eatre aussi diff\u00e9rent en \u00e9t\u00e9 qu&rsquo;en&hellip;<\/p>\n","protected":false},"author":1,"featured_media":0,"parent":0,"menu_order":0,"comment_status":"closed","ping_status":"closed","template":"kobo\/location.php","meta":{"_acf_changed":false,"footnotes":""},"class_list":["post-10712","page","type-page","status-publish","hentry","entry","no-media"],"acf":[],"aioseo_notices":[],"_links":{"self":[{"href":"https:\/\/www.casadelfino.com\/fr\/wp-json\/wp\/v2\/pages\/10712","targetHints":{"allow":["GET"]}}],"collection":[{"href":"https:\/\/www.casadelfino.com\/fr\/wp-json\/wp\/v2\/pages"}],"about":[{"href":"https:\/\/www.casadelfino.com\/fr\/wp-json\/wp\/v2\/types\/page"}],"author":[{"embeddable":true,"href":"https:\/\/www.casadelfino.com\/fr\/wp-json\/wp\/v2\/users\/1"}],"replies":[{"embeddable":true,"href":"https:\/\/www.casadelfino.com\/fr\/wp-json\/wp\/v2\/comments?post=10712"}],"version-history":[{"count":3,"href":"https:\/\/www.casadelfino.com\/fr\/wp-json\/wp\/v2\/pages\/10712\/revisions"}],"predecessor-version":[{"id":11437,"href":"https:\/\/www.casadelfino.com\/fr\/wp-json\/wp\/v2\/pages\/10712\/revisions\/11437"}],"wp:attachment":[{"href":"https:\/\/www.casadelfino.com\/fr\/wp-json\/wp\/v2\/media?parent=10712"}],"curies":[{"name":"wp","href":"https:\/\/api.w.org\/{rel}","templated":true}]}}