{"id":10706,"date":"2025-01-08T10:10:08","date_gmt":"2025-01-08T08:10:08","guid":{"rendered":"https:\/\/www.casadelfino.com\/the-villa\/"},"modified":"2025-02-21T12:10:21","modified_gmt":"2025-02-21T10:10:21","slug":"the-villa","status":"publish","type":"page","link":"https:\/\/www.casadelfino.com\/fr\/the-villa\/","title":{"rendered":"La villa"},"content":{"rendered":"<p>La villa Oleander est une r\u00e9sidence particuli\u00e8rement spacieuse de 7 chambres, 4 salles de bains et une piscine privee et chauffee qui peut accueillir jusqu\u2019\u00e0 14 personnes.<\/p>\n<p>Elle se trouve dans la r\u00e9gion Akrotiri de la Can\u00e9e, \u00e0 15 minutes seulement du centre-ville, dans un lieu calme tout pr\u00e8s de jolies plages et \u00e0 quelques minutes de la mer.<\/p>\n<p>La villa a deux \u00e9tages, ce qui la rend id\u00e9ale pour un groupe ou une famille. Une entr\u00e9e individuelle entre les \u00e9tages permet aux visiteurs d\u2019avoir une intimit\u00e9 absolue.<\/p>\n<p>De grands espaces et des terrasses accueillants, l\u2019esth\u00e9tique d\u00e9licate et la technologie moderne offrent aux visiteurs un logement confortable. Le terrain, garni d\u2019arbres et de fleurs, couvre une superficie de 4.000m2 . Il y a aussi un parking, un espace barbecue ainsi qu\u2019un s\u00e9jour \u00e0 c\u00f4t\u00e9 de la piscine.<\/p>\n<p>D\u00e9tails de contact: <a href=\"https:\/\/villaoleander.gr\/\" target=\"_blank\" rel=\"noopener\">www.villaoleander.gr<\/a> and <a href=\"mailto:info@villaoleander.gr\">info@villaoleander.gr<\/a>\u00a0.<\/p>\n","protected":false},"excerpt":{"rendered":"<p>La villa Oleander est une r\u00e9sidence particuli\u00e8rement spacieuse de 7 chambres, 4 salles de bains et une piscine privee et chauffee qui peut accueillir jusqu\u2019\u00e0 14 personnes. Elle se trouve dans la r\u00e9gion Akrotiri de la Can\u00e9e, \u00e0 15 minutes&hellip;<\/p>\n","protected":false},"author":1,"featured_media":10708,"parent":0,"menu_order":0,"comment_status":"closed","ping_status":"closed","template":"kobo\/thevilla.php","meta":{"_acf_changed":false,"footnotes":""},"class_list":["post-10706","page","type-page","status-publish","has-post-thumbnail","hentry","entry","has-media"],"acf":[],"aioseo_notices":[],"_links":{"self":[{"href":"https:\/\/www.casadelfino.com\/fr\/wp-json\/wp\/v2\/pages\/10706","targetHints":{"allow":["GET"]}}],"collection":[{"href":"https:\/\/www.casadelfino.com\/fr\/wp-json\/wp\/v2\/pages"}],"about":[{"href":"https:\/\/www.casadelfino.com\/fr\/wp-json\/wp\/v2\/types\/page"}],"author":[{"embeddable":true,"href":"https:\/\/www.casadelfino.com\/fr\/wp-json\/wp\/v2\/users\/1"}],"replies":[{"embeddable":true,"href":"https:\/\/www.casadelfino.com\/fr\/wp-json\/wp\/v2\/comments?post=10706"}],"version-history":[{"count":5,"href":"https:\/\/www.casadelfino.com\/fr\/wp-json\/wp\/v2\/pages\/10706\/revisions"}],"predecessor-version":[{"id":11617,"href":"https:\/\/www.casadelfino.com\/fr\/wp-json\/wp\/v2\/pages\/10706\/revisions\/11617"}],"wp:featuredmedia":[{"embeddable":true,"href":"https:\/\/www.casadelfino.com\/fr\/wp-json\/wp\/v2\/media\/10708"}],"wp:attachment":[{"href":"https:\/\/www.casadelfino.com\/fr\/wp-json\/wp\/v2\/media?parent=10706"}],"curies":[{"name":"wp","href":"https:\/\/api.w.org\/{rel}","templated":true}]}}