{"id":10702,"date":"2025-01-08T10:43:40","date_gmt":"2025-01-08T08:43:40","guid":{"rendered":"https:\/\/www.casadelfino.com\/spa\/"},"modified":"2025-02-21T10:52:28","modified_gmt":"2025-02-21T08:52:28","slug":"spa","status":"publish","type":"page","link":"https:\/\/www.casadelfino.com\/fr\/spa\/","title":{"rendered":"Spa"},"content":{"rendered":"<p>Le Spa de Casa Delfino est un sanctuaire sensuel o\u00f9 vous pouvez vous plonger dans une confidentialit\u00e9 absolue. Lorsque vous r\u00e9servez un soin, le spa est exclusivement disponible pour vous, que vous souhaitiez vous g\u00e2ter seul, en couple, avec votre famille ou vos amis. C\u2019est un voyage sur mesure pour obtenir des r\u00e9sultats supr\u00eames, avec une approche compl\u00e8tement individualis\u00e9e.<\/p>\n<p>Il comprend un hammam en marbre opulent, deux salles de soins, un tr\u00e8s grand bain \u00e0 remous Jacuzzi et un espace de relaxation apaisant. Tous con\u00e7us pour chouchouter et offrir un luxe aux clients les plus exigeants sans jamais avoir \u00e0 quitter notre h\u00f4tel. Notre \u00e9quipe de th\u00e9rapeutes qualifi\u00e9s vous aidera \u00e0 choisir un soin sur mesure sp\u00e9cialement con\u00e7u pour vous. Chaque soin est une exp\u00e9rience holistique pour l&rsquo;esprit, le corps et l&rsquo;\u00e2me, mettant en vedette les meilleurs produits grecs naturels d&rsquo;Apivita.<\/p>\n<p>La gamme de produits de soins biologiques Apivita est bas\u00e9e sur des huiles essentielles issues de cultures biologiques, des extraits de plantes et des produits \u00e0 base de miel pur de la nature grecque. Tous les soins int\u00e8grent des ingr\u00e9dients du r\u00e9gime m\u00e9diterran\u00e9en pour cr\u00e9er une exp\u00e9rience naturelle relaxante et rajeunissante. Les huiles d\u00e9toxifiantes, les lotions revitalisantes et les gommages nettoyants en profondeur d\u2019Apivita vous laisseront \u00e9clatant de l\u2019int\u00e9rieur comme de l\u2019ext\u00e9rieur.<\/p>\n<p>Le Spa de Casa Delfino est accessible sur rendez-vous uniquement de 9h00 \u00e0 22h00, tous les jours.<\/p>\n","protected":false},"excerpt":{"rendered":"<p>Le Spa de Casa Delfino est un sanctuaire sensuel o\u00f9 vous pouvez vous plonger dans une confidentialit\u00e9 absolue. Lorsque vous r\u00e9servez un soin, le spa est exclusivement disponible pour vous, que vous souhaitiez vous g\u00e2ter seul, en couple, avec votre&hellip;<\/p>\n","protected":false},"author":1,"featured_media":0,"parent":0,"menu_order":0,"comment_status":"closed","ping_status":"closed","template":"kobo\/spa.php","meta":{"_acf_changed":false,"footnotes":""},"class_list":["post-10702","page","type-page","status-publish","hentry","entry","no-media"],"acf":[],"aioseo_notices":[],"_links":{"self":[{"href":"https:\/\/www.casadelfino.com\/fr\/wp-json\/wp\/v2\/pages\/10702","targetHints":{"allow":["GET"]}}],"collection":[{"href":"https:\/\/www.casadelfino.com\/fr\/wp-json\/wp\/v2\/pages"}],"about":[{"href":"https:\/\/www.casadelfino.com\/fr\/wp-json\/wp\/v2\/types\/page"}],"author":[{"embeddable":true,"href":"https:\/\/www.casadelfino.com\/fr\/wp-json\/wp\/v2\/users\/1"}],"replies":[{"embeddable":true,"href":"https:\/\/www.casadelfino.com\/fr\/wp-json\/wp\/v2\/comments?post=10702"}],"version-history":[{"count":2,"href":"https:\/\/www.casadelfino.com\/fr\/wp-json\/wp\/v2\/pages\/10702\/revisions"}],"predecessor-version":[{"id":11304,"href":"https:\/\/www.casadelfino.com\/fr\/wp-json\/wp\/v2\/pages\/10702\/revisions\/11304"}],"wp:attachment":[{"href":"https:\/\/www.casadelfino.com\/fr\/wp-json\/wp\/v2\/media?parent=10702"}],"curies":[{"name":"wp","href":"https:\/\/api.w.org\/{rel}","templated":true}]}}