{"id":10698,"date":"2025-01-16T11:07:23","date_gmt":"2025-01-16T09:07:23","guid":{"rendered":"https:\/\/www.casadelfino.com\/press-media\/"},"modified":"2025-02-21T11:03:59","modified_gmt":"2025-02-21T09:03:59","slug":"press-media","status":"publish","type":"page","link":"https:\/\/www.casadelfino.com\/fr\/press-media\/","title":{"rendered":"Presse &#038; M\u00e9dias"},"content":{"rendered":"<p>D\u00e9couvrez le c\u0153ur battant de Casa Delfino et de la ville de La Can\u00e9e \u00e0 travers la page Presse et M\u00e9dias, alors que nous partageons notre voyage avec le monde. Restez inform\u00e9 des derni\u00e8res nouvelles, des communiqu\u00e9s de presse exclusifs et des ressources m\u00e9diatiques.<\/p>\n","protected":false},"excerpt":{"rendered":"<p>D\u00e9couvrez le c\u0153ur battant de Casa Delfino et de la ville de La Can\u00e9e \u00e0 travers la page Presse et M\u00e9dias, alors que nous partageons notre voyage avec le monde. Restez inform\u00e9 des derni\u00e8res nouvelles, des communiqu\u00e9s de presse exclusifs&hellip;<\/p>\n","protected":false},"author":1,"featured_media":0,"parent":0,"menu_order":0,"comment_status":"closed","ping_status":"closed","template":"kobo\/media.php","meta":{"_acf_changed":false,"footnotes":""},"class_list":["post-10698","page","type-page","status-publish","hentry","entry","no-media"],"acf":[],"aioseo_notices":[],"_links":{"self":[{"href":"https:\/\/www.casadelfino.com\/fr\/wp-json\/wp\/v2\/pages\/10698","targetHints":{"allow":["GET"]}}],"collection":[{"href":"https:\/\/www.casadelfino.com\/fr\/wp-json\/wp\/v2\/pages"}],"about":[{"href":"https:\/\/www.casadelfino.com\/fr\/wp-json\/wp\/v2\/types\/page"}],"author":[{"embeddable":true,"href":"https:\/\/www.casadelfino.com\/fr\/wp-json\/wp\/v2\/users\/1"}],"replies":[{"embeddable":true,"href":"https:\/\/www.casadelfino.com\/fr\/wp-json\/wp\/v2\/comments?post=10698"}],"version-history":[{"count":1,"href":"https:\/\/www.casadelfino.com\/fr\/wp-json\/wp\/v2\/pages\/10698\/revisions"}],"predecessor-version":[{"id":11383,"href":"https:\/\/www.casadelfino.com\/fr\/wp-json\/wp\/v2\/pages\/10698\/revisions\/11383"}],"wp:attachment":[{"href":"https:\/\/www.casadelfino.com\/fr\/wp-json\/wp\/v2\/media?parent=10698"}],"curies":[{"name":"wp","href":"https:\/\/api.w.org\/{rel}","templated":true}]}}