{"id":12166,"date":"2020-12-17T13:22:24","date_gmt":"2020-12-17T11:22:24","guid":{"rendered":"https:\/\/www.casadelfino.com\/home-2\/"},"modified":"2025-03-04T11:15:18","modified_gmt":"2025-03-04T09:15:18","slug":"home-2","status":"publish","type":"page","link":"https:\/\/www.casadelfino.com\/de\/","title":{"rendered":"Home"},"content":{"rendered":"<p>Casa Delfino ist seit sechs Generationen in derselben Familie. Gastfreundschaft und authentischer Charme sind ein wichtiger Bestandteil unseres Erbes. Alle Gebiete wurden eine Hommage an die Geschichte des Geb\u00e4udes und wurden sorgf\u00e4ltig in seine urspr\u00fcngliche Pracht wiederhergestellt.<\/p>\n","protected":false},"excerpt":{"rendered":"<p>Casa Delfino ist seit sechs Generationen in derselben Familie. Gastfreundschaft und authentischer Charme sind ein wichtiger Bestandteil unseres Erbes. Alle Gebiete wurden eine Hommage an die Geschichte des Geb\u00e4udes und wurden sorgf\u00e4ltig in seine urspr\u00fcngliche Pracht wiederhergestellt.<\/p>\n","protected":false},"author":1,"featured_media":0,"parent":0,"menu_order":0,"comment_status":"closed","ping_status":"closed","template":"kobo\/home.php","meta":{"_acf_changed":false,"footnotes":""},"class_list":["post-12166","page","type-page","status-publish","hentry","entry","no-media"],"acf":[],"aioseo_notices":[],"_links":{"self":[{"href":"https:\/\/www.casadelfino.com\/de\/wp-json\/wp\/v2\/pages\/12166","targetHints":{"allow":["GET"]}}],"collection":[{"href":"https:\/\/www.casadelfino.com\/de\/wp-json\/wp\/v2\/pages"}],"about":[{"href":"https:\/\/www.casadelfino.com\/de\/wp-json\/wp\/v2\/types\/page"}],"author":[{"embeddable":true,"href":"https:\/\/www.casadelfino.com\/de\/wp-json\/wp\/v2\/users\/1"}],"replies":[{"embeddable":true,"href":"https:\/\/www.casadelfino.com\/de\/wp-json\/wp\/v2\/comments?post=12166"}],"version-history":[{"count":3,"href":"https:\/\/www.casadelfino.com\/de\/wp-json\/wp\/v2\/pages\/12166\/revisions"}],"predecessor-version":[{"id":12836,"href":"https:\/\/www.casadelfino.com\/de\/wp-json\/wp\/v2\/pages\/12166\/revisions\/12836"}],"wp:attachment":[{"href":"https:\/\/www.casadelfino.com\/de\/wp-json\/wp\/v2\/media?parent=12166"}],"curies":[{"name":"wp","href":"https:\/\/api.w.org\/{rel}","templated":true}]}}