{"id":12159,"date":"2023-07-17T08:44:02","date_gmt":"2023-07-17T06:44:02","guid":{"rendered":"https:\/\/www.casadelfino.com\/accommodation\/"},"modified":"2025-03-04T10:23:26","modified_gmt":"2025-03-04T08:23:26","slug":"accommodation","status":"publish","type":"page","link":"https:\/\/www.casadelfino.com\/de\/accommodation\/","title":{"rendered":"Unterkunft"},"content":{"rendered":"<p>Obwohl keine zwei Zimmer gleich sind, geben sie das Gef\u00fchl von un\u00fcbertroffenen Komfort und au\u00dfergew\u00f6hnlicher Ruhe. Eine nahtlose Verschmelzung von Tradition und Moderne. Eine bet\u00f6rende Kombination aus Eleganz und Einfachheit stehen im Einklang mit seiner modernen Ausrichtung und seiner glanzvollen Vergangenheit.<\/p>\n<p>Die Zimmer sind warm und einladend mit durchdachten Details eingerichtet ebenso beeindruckend sind die Marmor-Badezimmer. Eleganz der Alten Welt wird erg\u00e4nzt durch dezente Platzierung der neuesten Technologie, die raffiniert durchdacht in jedes Zimmer integriert wurde. Die G\u00e4ste k\u00f6nnen somit die High-Definition-Flachbildschirm Fernseher und W-LAN Highspeed \u2013Internetzugang in Anspruch nehmen.<\/p>\n<p>Jedes Zimmer und jede Suite verf\u00fcgt \u00fcber all die Annehmlichkeiten, die Sie erwarten w\u00fcrden von Badem\u00e4nteln, Hausschuhen, allen nat\u00fcrlichen Bio-Pflegeprodukte bis hin zum Zimmer-Safe und Klimaanlage.<\/p>\n","protected":false},"excerpt":{"rendered":"<p>Obwohl keine zwei Zimmer gleich sind, geben sie das Gef\u00fchl von un\u00fcbertroffenen Komfort und au\u00dfergew\u00f6hnlicher Ruhe. Eine nahtlose Verschmelzung von Tradition und Moderne. Eine bet\u00f6rende Kombination aus Eleganz und Einfachheit stehen im Einklang mit seiner modernen Ausrichtung und seiner glanzvollen&hellip;<\/p>\n","protected":false},"author":1,"featured_media":0,"parent":0,"menu_order":0,"comment_status":"closed","ping_status":"closed","template":"kobo\/rooms.php","meta":{"_acf_changed":false,"footnotes":""},"class_list":["post-12159","page","type-page","status-publish","hentry","entry","no-media"],"acf":[],"aioseo_notices":[],"_links":{"self":[{"href":"https:\/\/www.casadelfino.com\/de\/wp-json\/wp\/v2\/pages\/12159","targetHints":{"allow":["GET"]}}],"collection":[{"href":"https:\/\/www.casadelfino.com\/de\/wp-json\/wp\/v2\/pages"}],"about":[{"href":"https:\/\/www.casadelfino.com\/de\/wp-json\/wp\/v2\/types\/page"}],"author":[{"embeddable":true,"href":"https:\/\/www.casadelfino.com\/de\/wp-json\/wp\/v2\/users\/1"}],"replies":[{"embeddable":true,"href":"https:\/\/www.casadelfino.com\/de\/wp-json\/wp\/v2\/comments?post=12159"}],"version-history":[{"count":2,"href":"https:\/\/www.casadelfino.com\/de\/wp-json\/wp\/v2\/pages\/12159\/revisions"}],"predecessor-version":[{"id":12394,"href":"https:\/\/www.casadelfino.com\/de\/wp-json\/wp\/v2\/pages\/12159\/revisions\/12394"}],"wp:attachment":[{"href":"https:\/\/www.casadelfino.com\/de\/wp-json\/wp\/v2\/media?parent=12159"}],"curies":[{"name":"wp","href":"https:\/\/api.w.org\/{rel}","templated":true}]}}