{"id":12156,"date":"2023-07-17T12:01:28","date_gmt":"2023-07-17T10:01:28","guid":{"rendered":"https:\/\/www.casadelfino.com\/location\/"},"modified":"2025-03-04T10:18:09","modified_gmt":"2025-03-04T08:18:09","slug":"location","status":"publish","type":"page","link":"https:\/\/www.casadelfino.com\/de\/location\/","title":{"rendered":"Lage"},"content":{"rendered":"<p>Die verf\u00fchrerische Altstadt Chania ist ein faszinierender Ort, egal in welcher Jahreszeit Sie sich entscheiden k\u00f6nnten. Zu beobachten, wie die Sonne aufgeht und \u00fcber den wundersch\u00f6nen venezianischen Hafen untergeht, kann im Sommer so anders sein wie im Winter, fast wie bei jedem Besuch an einem anderen Ort zu sein.<\/p>\n<p>Nach vier Jahrhunderten venezianischer Herrschaft und langer Belagerung verbleiben eine Vielzahl von architektonischen Stilen, die den starken kulturellen Einfluss der venezianischen und osmanischen Zivilisationen widerspiegeln, ohne ihre charakteristischen Merkmale zu verlieren.<\/p>\n<p>Von den zerfallenden Ruinen bis zu den farbenfrohen gemalten Gassen; \u00dcberall, wo Sie erkunden, werden Sie einen Schmelztiegel von Kulturen entdecken.<\/p>\n<p>Der venezianische Hafen ist die Hauptseepromenade der Stadt. Wenn Sie an alten Geb\u00e4uden vorbeigehen, die unz\u00e4hlige Geschichten erz\u00e4hlen, und durch die farbenfrohen Caf\u00e9s, Gesch\u00e4fte und Restaurants an einem Film mit einem klassischen St\u00fcck-Piece-Film aller Zeiten teilgenommen haben.<\/p>\n<p>Casa Delfino liegt im Herzen der Altstadt.<\/p>\n","protected":false},"excerpt":{"rendered":"<p>Die verf\u00fchrerische Altstadt Chania ist ein faszinierender Ort, egal in welcher Jahreszeit Sie sich entscheiden k\u00f6nnten. Zu beobachten, wie die Sonne aufgeht und \u00fcber den wundersch\u00f6nen venezianischen Hafen untergeht, kann im Sommer so anders sein wie im Winter, fast wie&hellip;<\/p>\n","protected":false},"author":1,"featured_media":0,"parent":0,"menu_order":0,"comment_status":"closed","ping_status":"closed","template":"kobo\/location.php","meta":{"_acf_changed":false,"footnotes":""},"class_list":["post-12156","page","type-page","status-publish","hentry","entry","no-media"],"acf":[],"aioseo_notices":[],"_links":{"self":[{"href":"https:\/\/www.casadelfino.com\/de\/wp-json\/wp\/v2\/pages\/12156","targetHints":{"allow":["GET"]}}],"collection":[{"href":"https:\/\/www.casadelfino.com\/de\/wp-json\/wp\/v2\/pages"}],"about":[{"href":"https:\/\/www.casadelfino.com\/de\/wp-json\/wp\/v2\/types\/page"}],"author":[{"embeddable":true,"href":"https:\/\/www.casadelfino.com\/de\/wp-json\/wp\/v2\/users\/1"}],"replies":[{"embeddable":true,"href":"https:\/\/www.casadelfino.com\/de\/wp-json\/wp\/v2\/comments?post=12156"}],"version-history":[{"count":2,"href":"https:\/\/www.casadelfino.com\/de\/wp-json\/wp\/v2\/pages\/12156\/revisions"}],"predecessor-version":[{"id":12389,"href":"https:\/\/www.casadelfino.com\/de\/wp-json\/wp\/v2\/pages\/12156\/revisions\/12389"}],"wp:attachment":[{"href":"https:\/\/www.casadelfino.com\/de\/wp-json\/wp\/v2\/media?parent=12156"}],"curies":[{"name":"wp","href":"https:\/\/api.w.org\/{rel}","templated":true}]}}