{"id":12153,"date":"2025-01-08T10:10:08","date_gmt":"2025-01-08T08:10:08","guid":{"rendered":"https:\/\/www.casadelfino.com\/the-villa\/"},"modified":"2025-03-04T10:09:47","modified_gmt":"2025-03-04T08:09:47","slug":"the-villa","status":"publish","type":"page","link":"https:\/\/www.casadelfino.com\/de\/the-villa\/","title":{"rendered":"Die Villa"},"content":{"rendered":"<p>Villa Oleander befindet sich im Besitz der gleichen Familie, jedoch ist es ein v\u00f6llig anderes Konzept. Das Anwesen liegt 15 min von Chania entfernt und kann bis zu 14 Personen beherbergen. Sie verf\u00fcgt \u00fcber 7 Schlafzimmer,4 Badezimmer und einen eigenen beheizten Pool.<\/p>\n<p>Genauer genommen, befindet sich Villa Oleander in einer H\u00fcgellandschaft ganz in der N\u00e4he vom Meer und der Stadt. Sie ist f\u00fcr alle Altersgruppen geeignet, da sie sehr ger\u00e4umig und komfortabel struktruriert ist. Sie bietet jeden nur erdenklichen Komfort und alle modernen Annehmlichkeiten. Ideal geeinget ist sie f\u00fcr gr\u00f6\u00dfere Familien oder gro\u00dfe Gruppen, die einen unvergesslichen Sommer erleben m\u00f6chten mit allem dem, was die Insel anzubieten hat.<\/p>\n<p>Die zahlreichen Str\u00e4nde, die sich in der n\u00e4heren Umgebung befinden, sind leicht erreichbar, jedoch k\u00f6nnen Sie auch gem\u00fctlich am Pool ein ausgedehntes Sonnenbad unter der kretischen Sonne geniessen. Die Villa liegt auf der Halbinsel Akrotiri, nur 7,8 km von der Stadt Chania entfernt. Sie besteht aus zwei unabh\u00e4ngigen Wohneinheiten und kann bis zu 16 Personen (14 Erwachsenen und 2 Kinder) unterbringen.<\/p>\n<p>Villa Oleander wurde sorgf\u00e4ltig entworfen und bis ins kleinste Detail duchdacht, um Ihnen einen modernen und luxuri\u00f6sen Wohnkomfort w\u00e4hrend Ihres Aufenthalts anbieten zu k\u00f6nnen. Sie ist geschmackvoll eingerichtet, um all Ihre Anforderungen und W\u00fcnsche erf\u00fcllen zu k\u00f6nnen.<\/p>\n<p>Im Au\u00dfenbereich entfaltet sich der Sommer von seiner sch\u00f6nsten Seite mit den idyllischen Garten, den beeindruckenden Salzwasserpool, den einladenden Grillbereich und der Pergola, wo Sie bequem und entspannt im Freien speisen k\u00f6nnen.<\/p>\n<p>Die Villa ist umgeben von einem gro\u00dfen Garten mit vielen Olivenb\u00e4umen, aromatischen Kr\u00e4utern und Blumen.<\/p>\n<p>Kontaktdaten: <a href=\"https:\/\/villaoleander.gr\/\" target=\"_blank\" rel=\"noopener\">www.villaoleander.gr<\/a> und <a href=\"mailto:info@villaoleander.gr\">info@villaoleander.gr<\/a>\u00a0.<\/p>\n","protected":false},"excerpt":{"rendered":"<p>Villa Oleander befindet sich im Besitz der gleichen Familie, jedoch ist es ein v\u00f6llig anderes Konzept. Das Anwesen liegt 15 min von Chania entfernt und kann bis zu 14 Personen beherbergen. Sie verf\u00fcgt \u00fcber 7 Schlafzimmer,4 Badezimmer und einen eigenen&hellip;<\/p>\n","protected":false},"author":1,"featured_media":12155,"parent":0,"menu_order":0,"comment_status":"closed","ping_status":"closed","template":"kobo\/thevilla.php","meta":{"_acf_changed":false,"footnotes":""},"class_list":["post-12153","page","type-page","status-publish","has-post-thumbnail","hentry","entry","has-media"],"acf":[],"aioseo_notices":[],"_links":{"self":[{"href":"https:\/\/www.casadelfino.com\/de\/wp-json\/wp\/v2\/pages\/12153","targetHints":{"allow":["GET"]}}],"collection":[{"href":"https:\/\/www.casadelfino.com\/de\/wp-json\/wp\/v2\/pages"}],"about":[{"href":"https:\/\/www.casadelfino.com\/de\/wp-json\/wp\/v2\/types\/page"}],"author":[{"embeddable":true,"href":"https:\/\/www.casadelfino.com\/de\/wp-json\/wp\/v2\/users\/1"}],"replies":[{"embeddable":true,"href":"https:\/\/www.casadelfino.com\/de\/wp-json\/wp\/v2\/comments?post=12153"}],"version-history":[{"count":2,"href":"https:\/\/www.casadelfino.com\/de\/wp-json\/wp\/v2\/pages\/12153\/revisions"}],"predecessor-version":[{"id":12254,"href":"https:\/\/www.casadelfino.com\/de\/wp-json\/wp\/v2\/pages\/12153\/revisions\/12254"}],"wp:featuredmedia":[{"embeddable":true,"href":"https:\/\/www.casadelfino.com\/de\/wp-json\/wp\/v2\/media\/12155"}],"wp:attachment":[{"href":"https:\/\/www.casadelfino.com\/de\/wp-json\/wp\/v2\/media?parent=12153"}],"curies":[{"name":"wp","href":"https:\/\/api.w.org\/{rel}","templated":true}]}}