{"id":12151,"date":"2025-01-08T10:43:40","date_gmt":"2025-01-08T08:43:40","guid":{"rendered":"https:\/\/www.casadelfino.com\/spa\/"},"modified":"2025-03-04T10:16:18","modified_gmt":"2025-03-04T08:16:18","slug":"spa","status":"publish","type":"page","link":"https:\/\/www.casadelfino.com\/de\/spa\/","title":{"rendered":"Spa"},"content":{"rendered":"<p>Casa Delfino Spa ist eine Oase der Sinnlichkeit und Entspannung, perfekt abgestimmt auf die Bed\u00fcrfnisse unserer G\u00e4ste.<br \/>\nF\u00fcr jede Ihrer Anwendungen wird das Spa zu Ihrem exklusiven Privatbereich, den Sie entweder f\u00fcr sich ganz allein, mit Ihrem Partner oder mit Familie bzw. Freunden nutzen k\u00f6nnen.<\/p>\n<p>Wie einst die historischen Dampfb\u00e4der von Chania, schm\u00fcckt sich auch das Casa Delfino Spa mit einem aus feinsten Marmor gearbeiteten, opulenten Hamam, dazu kommen zwei Behandlungsr\u00e4ume (einer f\u00fcr Paare), ein gro\u00dfer Whirlpool sowie ein Ruhebereich.<\/p>\n<p>Unser Team von hochqualifizierten Therapeuten wird Sie gerne bei der Auswahl beraten und eine f\u00fcr Sie exklusiv konzipierte Behandlung ausw\u00e4hlen. Jede Anwendung ist eine ganzheitliche Erfahrung f\u00fcr Geist, K\u00f6rper und Seele, nicht zuletzt auch durch die nat\u00fcrlichen Bestandteile der Pflegeserie von Apivita.<\/p>\n<p>Die Produkte von Apivita basieren auf organische und hautpflegende Inhaltsstoffe. Durch das komplexe Zusammenspiel bioaktiver und pflanzlicher Essenzen wirken sie stimmungsaufhellend und verst\u00e4rken das pers\u00f6nliche Wohlgef\u00fchl. Apivita\u2019s entgiftende \u00d6le, revitalisierende Lotionen und tiefenreinigende Peelings werden Ihre Haut zum Strahlen bringen.<\/p>\n<p>Unser Spa ist t\u00e4glich von 09:00 bis 22:00 Uhr f\u00fcr Sie ge\u00f6ffnet, Termine werden nur nach voriger Absprache vergeben.<\/p>\n","protected":false},"excerpt":{"rendered":"<p>Casa Delfino Spa ist eine Oase der Sinnlichkeit und Entspannung, perfekt abgestimmt auf die Bed\u00fcrfnisse unserer G\u00e4ste. F\u00fcr jede Ihrer Anwendungen wird das Spa zu Ihrem exklusiven Privatbereich, den Sie entweder f\u00fcr sich ganz allein, mit Ihrem Partner oder mit&hellip;<\/p>\n","protected":false},"author":1,"featured_media":0,"parent":0,"menu_order":0,"comment_status":"closed","ping_status":"closed","template":"kobo\/spa.php","meta":{"_acf_changed":false,"footnotes":""},"class_list":["post-12151","page","type-page","status-publish","hentry","entry","no-media"],"acf":[],"aioseo_notices":[],"_links":{"self":[{"href":"https:\/\/www.casadelfino.com\/de\/wp-json\/wp\/v2\/pages\/12151","targetHints":{"allow":["GET"]}}],"collection":[{"href":"https:\/\/www.casadelfino.com\/de\/wp-json\/wp\/v2\/pages"}],"about":[{"href":"https:\/\/www.casadelfino.com\/de\/wp-json\/wp\/v2\/types\/page"}],"author":[{"embeddable":true,"href":"https:\/\/www.casadelfino.com\/de\/wp-json\/wp\/v2\/users\/1"}],"replies":[{"embeddable":true,"href":"https:\/\/www.casadelfino.com\/de\/wp-json\/wp\/v2\/comments?post=12151"}],"version-history":[{"count":2,"href":"https:\/\/www.casadelfino.com\/de\/wp-json\/wp\/v2\/pages\/12151\/revisions"}],"predecessor-version":[{"id":12352,"href":"https:\/\/www.casadelfino.com\/de\/wp-json\/wp\/v2\/pages\/12151\/revisions\/12352"}],"wp:attachment":[{"href":"https:\/\/www.casadelfino.com\/de\/wp-json\/wp\/v2\/media?parent=12151"}],"curies":[{"name":"wp","href":"https:\/\/api.w.org\/{rel}","templated":true}]}}